{"id":2471,"date":"2018-04-03T00:36:34","date_gmt":"2018-04-03T00:36:34","guid":{"rendered":"http:\/\/rioespera.com\/portal\/?page_id=2471"},"modified":"2021-07-05T16:23:02","modified_gmt":"2021-07-05T19:23:02","slug":"inauguracao-da-igreja-matriz-atual","status":"publish","type":"page","link":"https:\/\/rioespera.com\/portal\/inauguracao-da-igreja-matriz-atual\/","title":{"rendered":"inaugura\u00e7\u00e3o da atual igreja matriz"},"content":{"rendered":"<p>Sele\u00e7\u00e3o de fotos da inaugura\u00e7\u00e3o nos anos 60 da igreja matriz de Nossa Senhora da Piedade.<\/p>\n<p><script async=\"\" src=\"\/\/pagead2.googlesyndication.com\/pagead\/js\/adsbygoogle.js\"><\/script><br \/>\n<ins class=\"adsbygoogle\" style=\"display: block; text-align: center;\" data-ad-layout=\"in-article\" data-ad-format=\"fluid\" data-ad-client=\"ca-pub-8404309934763038\" data-ad-slot=\"7973251534\"><\/ins><br \/>\n<script><br \/>\n     (adsbygoogle = window.adsbygoogle || []).push({});<br \/>\n<\/script><\/p>\nngg_shortcode_0_placeholder\n","protected":false},"excerpt":{"rendered":"<p>Sele\u00e7\u00e3o de fotos da inaugura\u00e7\u00e3o nos anos 60 da igreja matriz de Nossa Senhora da Piedade. &#8221; order_by=&#8221;sortorder&#8221; order_direction=&#8221;ASC&#8221; returns=&#8221;included&#8221; maximum_entity_count=&#8221;500&#8243;]<\/p>\n","protected":false},"author":1,"featured_media":0,"parent":0,"menu_order":0,"comment_status":"closed","ping_status":"closed","template":"","meta":{"ngg_post_thumbnail":0,"footnotes":""},"class_list":["post-2471","page","type-page","status-publish","hentry"],"_links":{"self":[{"href":"https:\/\/rioespera.com\/portal\/wp-json\/wp\/v2\/pages\/2471","targetHints":{"allow":["GET"]}}],"collection":[{"href":"https:\/\/rioespera.com\/portal\/wp-json\/wp\/v2\/pages"}],"about":[{"href":"https:\/\/rioespera.com\/portal\/wp-json\/wp\/v2\/types\/page"}],"author":[{"embeddable":true,"href":"https:\/\/rioespera.com\/portal\/wp-json\/wp\/v2\/users\/1"}],"replies":[{"embeddable":true,"href":"https:\/\/rioespera.com\/portal\/wp-json\/wp\/v2\/comments?post=2471"}],"version-history":[{"count":3,"href":"https:\/\/rioespera.com\/portal\/wp-json\/wp\/v2\/pages\/2471\/revisions"}],"predecessor-version":[{"id":10062,"href":"https:\/\/rioespera.com\/portal\/wp-json\/wp\/v2\/pages\/2471\/revisions\/10062"}],"wp:attachment":[{"href":"https:\/\/rioespera.com\/portal\/wp-json\/wp\/v2\/media?parent=2471"}],"curies":[{"name":"wp","href":"https:\/\/api.w.org\/{rel}","templated":true}]}}