{"id":4378,"date":"2020-08-30T12:32:40","date_gmt":"2020-08-30T15:32:40","guid":{"rendered":"http:\/\/rioespera.com\/portal\/genealogia\/casamentos\/"},"modified":"2020-08-31T11:03:30","modified_gmt":"2020-08-31T14:03:30","slug":"casamentos","status":"publish","type":"page","link":"https:\/\/rioespera.com\/portal\/genealogia\/casamentos\/","title":{"rendered":"Casamentos"},"content":{"rendered":"\n<p>Cada p\u00e1gina cont\u00e9m imagens de registros de casamentos de Rio Espera e algumas outras localidades vizinhas como Josel\u00e2ndia, Sant&#8217;Ana dos Montes, Itaverava e Piranguita.<\/p>\n\n\n\n<p><a rel=\"noreferrer noopener\" href=\"https:\/\/rioespera.com\/portal\/casamentos-pagina-1\/\" data-type=\"page\" data-id=\"7820\" target=\"_blank\">P\u00e1gina 1<\/a> | <a rel=\"noreferrer noopener\" href=\"https:\/\/rioespera.com\/portal\/casamentos-pagina-2\/\" data-type=\"page\" data-id=\"7822\" target=\"_blank\">P\u00e1gina 2<\/a> | <a rel=\"noreferrer noopener\" href=\"https:\/\/rioespera.com\/portal\/casamentos-pagina-3\/\" data-type=\"page\" data-id=\"7824\" target=\"_blank\">P\u00e1gina 3<\/a> | <a rel=\"noreferrer noopener\" href=\"https:\/\/rioespera.com\/portal\/casamentos-pagina-4\/\" data-type=\"page\" data-id=\"7826\" target=\"_blank\">P\u00e1gina 4<\/a> | <a rel=\"noreferrer noopener\" href=\"https:\/\/rioespera.com\/portal\/casamentos-pagina-5\/\" data-type=\"page\" data-id=\"7828\" target=\"_blank\">P\u00e1gina 5<\/a> | <a rel=\"noreferrer noopener\" href=\"https:\/\/rioespera.com\/portal\/casamentos-pagina-6\/\" data-type=\"page\" data-id=\"7830\" target=\"_blank\">P\u00e1gina 6<\/a><\/p>\n\n\n\n<p class=\"has-text-align-right\">&gt;Caso queira sugerir uma image para ser colocada num post, envie mensagem na p\u00e1gina de contacto da p\u00e1gina inicial. <\/p>\n\n\n\n<p class=\"has-text-align-right\">&gt;Clique com bot\u00e3o direito na foto para salv\u00e1-la como. Copie o do arquivo na mensagem. <\/p>\n\n\n\n<p>A disponibilidade destas imagens aqui no portal tem \u00fanico objetivo servir de mat\u00e9ria prima no desenvolvimento de pesquisas geneal\u00f3gicas. <\/p>\n\n\n\n<p><strong>Para pesquisar por um nome, acesse o <a rel=\"noreferrer noopener\" href=\"http:\/\/rioespera.com\/acervo\/\" target=\"_blank\">acervo.<\/a> <\/strong><\/p>\n","protected":false},"excerpt":{"rendered":"<p>Cada p\u00e1gina cont\u00e9m imagens de registros de casamentos de Rio Espera e algumas outras localidades vizinhas como Josel\u00e2ndia, Sant&#8217;Ana dos Montes, Itaverava e Piranguita. P\u00e1gina<span class=\"read-more-link\"><a class=\"read-more\" href=\"https:\/\/rioespera.com\/portal\/genealogia\/casamentos\/\">Read More<\/a><\/span><\/p>\n","protected":false},"author":1,"featured_media":0,"parent":31,"menu_order":0,"comment_status":"closed","ping_status":"closed","template":"","meta":{"ngg_post_thumbnail":0,"footnotes":""},"class_list":["post-4378","page","type-page","status-publish","hentry"],"_links":{"self":[{"href":"https:\/\/rioespera.com\/portal\/wp-json\/wp\/v2\/pages\/4378","targetHints":{"allow":["GET"]}}],"collection":[{"href":"https:\/\/rioespera.com\/portal\/wp-json\/wp\/v2\/pages"}],"about":[{"href":"https:\/\/rioespera.com\/portal\/wp-json\/wp\/v2\/types\/page"}],"author":[{"embeddable":true,"href":"https:\/\/rioespera.com\/portal\/wp-json\/wp\/v2\/users\/1"}],"replies":[{"embeddable":true,"href":"https:\/\/rioespera.com\/portal\/wp-json\/wp\/v2\/comments?post=4378"}],"version-history":[{"count":4,"href":"https:\/\/rioespera.com\/portal\/wp-json\/wp\/v2\/pages\/4378\/revisions"}],"predecessor-version":[{"id":9896,"href":"https:\/\/rioespera.com\/portal\/wp-json\/wp\/v2\/pages\/4378\/revisions\/9896"}],"up":[{"embeddable":true,"href":"https:\/\/rioespera.com\/portal\/wp-json\/wp\/v2\/pages\/31"}],"wp:attachment":[{"href":"https:\/\/rioespera.com\/portal\/wp-json\/wp\/v2\/media?parent=4378"}],"curies":[{"name":"wp","href":"https:\/\/api.w.org\/{rel}","templated":true}]}}