{"id":5,"date":"2018-03-18T01:13:20","date_gmt":"2018-03-18T01:13:20","guid":{"rendered":"http:\/\/rioespera.com\/portal\/?page_id=5"},"modified":"2025-10-03T10:23:57","modified_gmt":"2025-10-03T13:23:57","slug":"acervo","status":"publish","type":"page","link":"https:\/\/rioespera.com\/portal\/genealogia\/acervo\/","title":{"rendered":"acervo"},"content":{"rendered":"<p>Disp\u00f5e-se nesse acervo assentamentos dos s\u00e9culos XVIII, XIX e XX das localidades de Rio Espera, Itaverava, Sant&#8217;Ana dos Montes e Piranquita.<\/p>\n<p>Os arquivos em formato jpg podem ser baixados e utilizados para pesquisas, artigos digitalizados ou impressos, desde que sem fins comerciais e cuja fonte devidamente referenciada.<\/p>\n<p>Voc\u00ea pode usar a barra de procura do seu navegador para encontrar nomes ou pode, tamb\u00e9m, clicar no ano de busca e pular diretamente aos nomes dispon\u00edveis para aquele ano.<\/p>\n<figure id=\"attachment_3079\" aria-describedby=\"caption-attachment-3079\" style=\"width: 581px\" class=\"wp-caption aligncenter\"><a href=\"http:\/\/www.rioespera.com\/acervo\/legado\/index.html\" target=\"_blank\" rel=\"noopener noreferrer\"><img loading=\"lazy\" decoding=\"async\" class=\"wp-image-3079 \" src=\"https:\/\/rioespera.com\/portal\/wp-content\/uploads\/2018\/04\/Capture2.jpg\" alt=\"\" width=\"581\" height=\"361\"><\/a><figcaption id=\"caption-attachment-3079\" class=\"wp-caption-text\">acervo geneal\u00f3gico de Rio Espera<\/figcaption><\/figure>\n<p><script async=\"\" src=\"\/\/pagead2.googlesyndication.com\/pagead\/js\/adsbygoogle.js\"><\/script><br \/>\n<ins class=\"adsbygoogle\" style=\"display: block; text-align: center;\" data-ad-layout=\"in-article\" data-ad-format=\"fluid\" data-ad-client=\"ca-pub-8404309934763038\" data-ad-slot=\"7973251534\"><\/ins><br \/>\n<script><br \/>\n     (adsbygoogle = window.adsbygoogle || []).push({});<br \/>\n<\/script><\/p>\n<p>&nbsp;<\/p>\n<p>&nbsp;<\/p>\n","protected":false},"excerpt":{"rendered":"<p>Disp\u00f5e-se nesse acervo assentamentos dos s\u00e9culos XVIII, XIX e XX das localidades de Rio Espera, Itaverava, Sant&#8217;Ana dos Montes e Piranquita. Os arquivos em formato<span class=\"read-more-link\"><a class=\"read-more\" href=\"https:\/\/rioespera.com\/portal\/genealogia\/acervo\/\">Read More<\/a><\/span><\/p>\n","protected":false},"author":1,"featured_media":16,"parent":31,"menu_order":0,"comment_status":"closed","ping_status":"closed","template":"","meta":{"ngg_post_thumbnail":0,"footnotes":""},"class_list":["post-5","page","type-page","status-publish","has-post-thumbnail","hentry"],"_links":{"self":[{"href":"https:\/\/rioespera.com\/portal\/wp-json\/wp\/v2\/pages\/5","targetHints":{"allow":["GET"]}}],"collection":[{"href":"https:\/\/rioespera.com\/portal\/wp-json\/wp\/v2\/pages"}],"about":[{"href":"https:\/\/rioespera.com\/portal\/wp-json\/wp\/v2\/types\/page"}],"author":[{"embeddable":true,"href":"https:\/\/rioespera.com\/portal\/wp-json\/wp\/v2\/users\/1"}],"replies":[{"embeddable":true,"href":"https:\/\/rioespera.com\/portal\/wp-json\/wp\/v2\/comments?post=5"}],"version-history":[{"count":13,"href":"https:\/\/rioespera.com\/portal\/wp-json\/wp\/v2\/pages\/5\/revisions"}],"predecessor-version":[{"id":11051,"href":"https:\/\/rioespera.com\/portal\/wp-json\/wp\/v2\/pages\/5\/revisions\/11051"}],"up":[{"embeddable":true,"href":"https:\/\/rioespera.com\/portal\/wp-json\/wp\/v2\/pages\/31"}],"wp:featuredmedia":[{"embeddable":true,"href":"https:\/\/rioespera.com\/portal\/wp-json\/wp\/v2\/media\/16"}],"wp:attachment":[{"href":"https:\/\/rioespera.com\/portal\/wp-json\/wp\/v2\/media?parent=5"}],"curies":[{"name":"wp","href":"https:\/\/api.w.org\/{rel}","templated":true}]}}