{"id":9920,"date":"2020-09-01T19:39:52","date_gmt":"2020-09-01T22:39:52","guid":{"rendered":"http:\/\/rioespera.com\/portal\/?page_id=9920"},"modified":"2023-04-19T20:29:51","modified_gmt":"2023-04-19T23:29:51","slug":"ronaldo-nogueira-de-oliveira","status":"publish","type":"page","link":"https:\/\/rioespera.com\/portal\/genealogia\/ronaldo-nogueira-de-oliveira\/","title":{"rendered":"Ronaldo Nogueira de Oliveira"},"content":{"rendered":"\n<p>Pai:<a href=\"https:\/\/rioespera.com\/portal\/jose-juliao-de-oliveira\/\" data-type=\"post\" data-id=\"9906\">Jos\u00e9 Juli\u00e3o de Oliveira<\/a><\/p>\n\n\n\n<p>M\u00e3e: <a href=\"https:\/\/rioespera.com\/portal\/conceicao-nogueira-de-oliveira\/\" data-type=\"post\" data-id=\"3224\">Concei\u00e7\u00e3o Bernardina de Freitas Nogueira<\/a><\/p>\n\n\n\n<p>Nascimento: SEC XX<\/p>\n\n\n\n<p>Local:Rio Espera<\/p>\n\n\n\n<p><\/p>\n\n\n\n<figure class=\"wp-block-image size-large is-style-default\"><img loading=\"lazy\" decoding=\"async\" width=\"827\" height=\"1024\" src=\"https:\/\/rioespera.com\/portal\/wp-content\/uploads\/2020\/09\/Ronaldo_face_shot5x7-827x1024.jpg\" alt=\"\" class=\"wp-image-9922\"\/><\/figure>\n","protected":false},"excerpt":{"rendered":"<p>Pai:Jos\u00e9 Juli\u00e3o de Oliveira M\u00e3e: Concei\u00e7\u00e3o Bernardina de Freitas Nogueira Nascimento: SEC XX Local:Rio Espera<\/p>\n","protected":false},"author":1,"featured_media":0,"parent":31,"menu_order":0,"comment_status":"closed","ping_status":"closed","template":"","meta":{"ngg_post_thumbnail":0,"footnotes":""},"class_list":["post-9920","page","type-page","status-publish","hentry"],"_links":{"self":[{"href":"https:\/\/rioespera.com\/portal\/wp-json\/wp\/v2\/pages\/9920","targetHints":{"allow":["GET"]}}],"collection":[{"href":"https:\/\/rioespera.com\/portal\/wp-json\/wp\/v2\/pages"}],"about":[{"href":"https:\/\/rioespera.com\/portal\/wp-json\/wp\/v2\/types\/page"}],"author":[{"embeddable":true,"href":"https:\/\/rioespera.com\/portal\/wp-json\/wp\/v2\/users\/1"}],"replies":[{"embeddable":true,"href":"https:\/\/rioespera.com\/portal\/wp-json\/wp\/v2\/comments?post=9920"}],"version-history":[{"count":3,"href":"https:\/\/rioespera.com\/portal\/wp-json\/wp\/v2\/pages\/9920\/revisions"}],"predecessor-version":[{"id":10135,"href":"https:\/\/rioespera.com\/portal\/wp-json\/wp\/v2\/pages\/9920\/revisions\/10135"}],"up":[{"embeddable":true,"href":"https:\/\/rioespera.com\/portal\/wp-json\/wp\/v2\/pages\/31"}],"wp:attachment":[{"href":"https:\/\/rioespera.com\/portal\/wp-json\/wp\/v2\/media?parent=9920"}],"curies":[{"name":"wp","href":"https:\/\/api.w.org\/{rel}","templated":true}]}}